{"id":420,"date":"2019-12-16T15:04:52","date_gmt":"2019-12-16T13:04:52","guid":{"rendered":"https:\/\/dconsulting.ee\/%d0%ba%d0%be%d0%bd%d1%82%d0%b0%d0%ba%d1%82\/"},"modified":"2024-06-06T20:46:42","modified_gmt":"2024-06-06T18:46:42","slug":"kontakt","status":"publish","type":"page","link":"https:\/\/dconsulting.ee\/ru\/kontakt\/","title":{"rendered":"\u041a\u043e\u043d\u0442\u0430\u043a\u0442"},"content":{"rendered":"<h3><strong>D&amp;D Consulting O\u00dc<\/strong><\/h3>\n<p>Kullese 9 12013 Tallinn<\/p>\n","protected":false},"excerpt":{"rendered":"<p>D&amp;D Consulting O\u00dc Kullese 9 12013 Tallinn<\/p>\n","protected":false},"author":1,"featured_media":0,"parent":0,"menu_order":0,"comment_status":"closed","ping_status":"closed","template":"template-contact.php","meta":{"_acf_changed":false,"footnotes":""},"acf":[],"yoast_head":"<!-- This site is optimized with the Yoast SEO plugin v22.8 - https:\/\/yoast.com\/wordpress\/plugins\/seo\/ -->\n<title>\u041a\u043e\u043d\u0442\u0430\u043a\u0442 - DD<\/title>\n<meta name=\"robots\" content=\"index, follow, max-snippet:-1, max-image-preview:large, max-video-preview:-1\" \/>\n<link rel=\"canonical\" href=\"https:\/\/dconsulting.ee\/kontakt\/\" \/>\n<meta property=\"og:locale\" content=\"ru_RU\" \/>\n<meta property=\"og:type\" content=\"article\" \/>\n<meta property=\"og:title\" content=\"\u041a\u043e\u043d\u0442\u0430\u043a\u0442 - DD\" \/>\n<meta property=\"og:description\" content=\"D&amp;D Consulting O\u00dc Kullese 9 12013 Tallinn\" \/>\n<meta property=\"og:url\" content=\"https:\/\/dconsulting.ee\/kontakt\/\" \/>\n<meta property=\"og:site_name\" content=\"DD\" \/>\n<meta property=\"article:modified_time\" content=\"2024-06-06T18:46:42+00:00\" \/>\n<meta name=\"twitter:card\" content=\"summary_large_image\" \/>\n<script type=\"application\/ld+json\" class=\"yoast-schema-graph\">{\"@context\":\"https:\/\/schema.org\",\"@graph\":[{\"@type\":\"WebPage\",\"@id\":\"https:\/\/dconsulting.ee\/kontakt\/\",\"url\":\"https:\/\/dconsulting.ee\/kontakt\/\",\"name\":\"\u041a\u043e\u043d\u0442\u0430\u043a\u0442 - DD\",\"isPartOf\":{\"@id\":\"https:\/\/dconsulting.ee\/#website\"},\"datePublished\":\"2019-12-16T13:04:52+00:00\",\"dateModified\":\"2024-06-06T18:46:42+00:00\",\"breadcrumb\":{\"@id\":\"https:\/\/dconsulting.ee\/kontakt\/#breadcrumb\"},\"inLanguage\":\"ru-RU\",\"potentialAction\":[{\"@type\":\"ReadAction\",\"target\":[\"https:\/\/dconsulting.ee\/kontakt\/\"]}]},{\"@type\":\"BreadcrumbList\",\"@id\":\"https:\/\/dconsulting.ee\/kontakt\/#breadcrumb\",\"itemListElement\":[{\"@type\":\"ListItem\",\"position\":1,\"name\":\"Home\",\"item\":\"https:\/\/dconsulting.ee\/\"},{\"@type\":\"ListItem\",\"position\":2,\"name\":\"\u041a\u043e\u043d\u0442\u0430\u043a\u0442\"}]},{\"@type\":\"WebSite\",\"@id\":\"https:\/\/dconsulting.ee\/#website\",\"url\":\"https:\/\/dconsulting.ee\/\",\"name\":\"DD\",\"description\":\"\u00c4ri anal\u00fc\u00fcs\",\"potentialAction\":[{\"@type\":\"SearchAction\",\"target\":{\"@type\":\"EntryPoint\",\"urlTemplate\":\"https:\/\/dconsulting.ee\/?s={search_term_string}\"},\"query-input\":\"required name=search_term_string\"}],\"inLanguage\":\"ru-RU\"}]}<\/script>\n<!-- \/ Yoast SEO plugin. -->","yoast_head_json":{"title":"\u041a\u043e\u043d\u0442\u0430\u043a\u0442 - DD","robots":{"index":"index","follow":"follow","max-snippet":"max-snippet:-1","max-image-preview":"max-image-preview:large","max-video-preview":"max-video-preview:-1"},"canonical":"https:\/\/dconsulting.ee\/kontakt\/","og_locale":"ru_RU","og_type":"article","og_title":"\u041a\u043e\u043d\u0442\u0430\u043a\u0442 - DD","og_description":"D&amp;D Consulting O\u00dc Kullese 9 12013 Tallinn","og_url":"https:\/\/dconsulting.ee\/kontakt\/","og_site_name":"DD","article_modified_time":"2024-06-06T18:46:42+00:00","twitter_card":"summary_large_image","schema":{"@context":"https:\/\/schema.org","@graph":[{"@type":"WebPage","@id":"https:\/\/dconsulting.ee\/kontakt\/","url":"https:\/\/dconsulting.ee\/kontakt\/","name":"\u041a\u043e\u043d\u0442\u0430\u043a\u0442 - DD","isPartOf":{"@id":"https:\/\/dconsulting.ee\/#website"},"datePublished":"2019-12-16T13:04:52+00:00","dateModified":"2024-06-06T18:46:42+00:00","breadcrumb":{"@id":"https:\/\/dconsulting.ee\/kontakt\/#breadcrumb"},"inLanguage":"ru-RU","potentialAction":[{"@type":"ReadAction","target":["https:\/\/dconsulting.ee\/kontakt\/"]}]},{"@type":"BreadcrumbList","@id":"https:\/\/dconsulting.ee\/kontakt\/#breadcrumb","itemListElement":[{"@type":"ListItem","position":1,"name":"Home","item":"https:\/\/dconsulting.ee\/"},{"@type":"ListItem","position":2,"name":"\u041a\u043e\u043d\u0442\u0430\u043a\u0442"}]},{"@type":"WebSite","@id":"https:\/\/dconsulting.ee\/#website","url":"https:\/\/dconsulting.ee\/","name":"DD","description":"\u00c4ri anal\u00fc\u00fcs","potentialAction":[{"@type":"SearchAction","target":{"@type":"EntryPoint","urlTemplate":"https:\/\/dconsulting.ee\/?s={search_term_string}"},"query-input":"required name=search_term_string"}],"inLanguage":"ru-RU"}]}},"_links":{"self":[{"href":"https:\/\/dconsulting.ee\/ru\/wp-json\/wp\/v2\/pages\/420"}],"collection":[{"href":"https:\/\/dconsulting.ee\/ru\/wp-json\/wp\/v2\/pages"}],"about":[{"href":"https:\/\/dconsulting.ee\/ru\/wp-json\/wp\/v2\/types\/page"}],"author":[{"embeddable":true,"href":"https:\/\/dconsulting.ee\/ru\/wp-json\/wp\/v2\/users\/1"}],"replies":[{"embeddable":true,"href":"https:\/\/dconsulting.ee\/ru\/wp-json\/wp\/v2\/comments?post=420"}],"version-history":[{"count":3,"href":"https:\/\/dconsulting.ee\/ru\/wp-json\/wp\/v2\/pages\/420\/revisions"}],"predecessor-version":[{"id":520,"href":"https:\/\/dconsulting.ee\/ru\/wp-json\/wp\/v2\/pages\/420\/revisions\/520"}],"wp:attachment":[{"href":"https:\/\/dconsulting.ee\/ru\/wp-json\/wp\/v2\/media?parent=420"}],"curies":[{"name":"wp","href":"https:\/\/api.w.org\/{rel}","templated":true}]}}