{"id":430,"date":"2019-12-16T15:05:03","date_gmt":"2019-12-16T13:05:03","guid":{"rendered":"https:\/\/dconsulting.ee\/entering-a-market\/"},"modified":"2019-12-16T23:39:42","modified_gmt":"2019-12-16T21:39:42","slug":"entering-a-market","status":"publish","type":"page","link":"https:\/\/dconsulting.ee\/en\/entering-a-market\/","title":{"rendered":"Entering a Market"},"content":{"rendered":"<div class='content-column one_half'><div style=\"padding-right:30px;\"><h1>Looking <span style=\"color: #8a84d6;\">to enter a new market?<\/span><\/h1>\n<p>Entering a market with a new product or brand always involves many risks.<\/p>\n<p>Which strategy to choose?<\/p>\n<p>Is the market ready for the new product or brand?<\/p>\n<p>What are the competitors doing?<\/p>\n<p>Should you use resellers or open your own store?<\/p>\n<p>What are the local market requirements for packaging and information materials?<\/p>\n<h2>How and when should you do so?<\/h2>\n<p>We provide market analysis and appropriate advice to enterprises entering the market.<\/p>\n<ul>\n<li>We map out the market situation and competitors.<\/li>\n<li>We analyse how high the demand is and how many consumers the new product or brand could have.<\/li>\n<li>We will assess whether entering the market at that point in time is reasonable and advise which market entry strategy to choose in order to achieve the maximum result.<\/li>\n<li>We will advise when it is viable to open a local shop and when it would be better to use resellers and local distributors.<\/li>\n<li>We recommend partners and offer our know-how about logistics management.<\/li>\n<\/ul>\n<h3><\/h3>\n<h2 style=\"text-align: left;\">Want more information?<\/h2>\n<p style=\"text-align: left;\"><strong>Contact us for more information! <\/strong><strong><a href=\"mailto:info@dconsulting.ee\">info@dconsulting.ee<\/a> <\/strong><strong><a href=\"tel:+3725478958\">+372 547 8958<\/a><\/strong><\/p><\/div><\/div><div class='content-column one_half last_column'><img loading=\"lazy\" decoding=\"async\" class=\"alignright wp-image-166 size-large\" src=\"https:\/\/dconsulting.ee\/wp-content\/uploads\/2019\/11\/Depositphotos_10569559_xl-2015-741x1024.jpg\" alt=\"\" width=\"741\" height=\"1024\" srcset=\"https:\/\/dconsulting.ee\/wp-content\/uploads\/2019\/11\/Depositphotos_10569559_xl-2015-741x1024.jpg 741w, https:\/\/dconsulting.ee\/wp-content\/uploads\/2019\/11\/Depositphotos_10569559_xl-2015-217x300.jpg 217w, https:\/\/dconsulting.ee\/wp-content\/uploads\/2019\/11\/Depositphotos_10569559_xl-2015-768x1061.jpg 768w\" sizes=\"(max-width: 741px) 100vw, 741px\" \/><\/div><div class='clear_column'><\/div><\/p>\n","protected":false},"excerpt":{"rendered":"","protected":false},"author":1,"featured_media":0,"parent":0,"menu_order":0,"comment_status":"closed","ping_status":"closed","template":"","meta":{"_acf_changed":false,"footnotes":""},"acf":[],"yoast_head":"<!-- This site is optimized with the Yoast SEO plugin v22.8 - https:\/\/yoast.com\/wordpress\/plugins\/seo\/ -->\n<title>Entering a Market - DD<\/title>\n<meta name=\"robots\" content=\"index, follow, max-snippet:-1, max-image-preview:large, max-video-preview:-1\" \/>\n<link rel=\"canonical\" href=\"https:\/\/dconsulting.ee\/turule-sisenejale\/\" \/>\n<meta property=\"og:locale\" content=\"en_US\" \/>\n<meta property=\"og:type\" content=\"article\" \/>\n<meta property=\"og:title\" content=\"Entering a Market - DD\" \/>\n<meta property=\"og:url\" content=\"https:\/\/dconsulting.ee\/turule-sisenejale\/\" \/>\n<meta property=\"og:site_name\" content=\"DD\" \/>\n<meta property=\"article:modified_time\" content=\"2019-12-16T21:39:42+00:00\" \/>\n<meta property=\"og:image\" content=\"https:\/\/dconsulting.ee\/wp-content\/uploads\/2019\/11\/Depositphotos_10569559_xl-2015-741x1024.jpg\" \/>\n<meta name=\"twitter:card\" content=\"summary_large_image\" \/>\n<meta name=\"twitter:label1\" content=\"Est. reading time\" \/>\n\t<meta name=\"twitter:data1\" content=\"1 minute\" \/>\n<script type=\"application\/ld+json\" class=\"yoast-schema-graph\">{\"@context\":\"https:\/\/schema.org\",\"@graph\":[{\"@type\":\"WebPage\",\"@id\":\"https:\/\/dconsulting.ee\/turule-sisenejale\/\",\"url\":\"https:\/\/dconsulting.ee\/turule-sisenejale\/\",\"name\":\"Entering a Market - DD\",\"isPartOf\":{\"@id\":\"https:\/\/dconsulting.ee\/#website\"},\"primaryImageOfPage\":{\"@id\":\"https:\/\/dconsulting.ee\/turule-sisenejale\/#primaryimage\"},\"image\":{\"@id\":\"https:\/\/dconsulting.ee\/turule-sisenejale\/#primaryimage\"},\"thumbnailUrl\":\"https:\/\/dconsulting.ee\/wp-content\/uploads\/2019\/11\/Depositphotos_10569559_xl-2015-741x1024.jpg\",\"datePublished\":\"2019-12-16T13:05:03+00:00\",\"dateModified\":\"2019-12-16T21:39:42+00:00\",\"breadcrumb\":{\"@id\":\"https:\/\/dconsulting.ee\/turule-sisenejale\/#breadcrumb\"},\"inLanguage\":\"en-US\",\"potentialAction\":[{\"@type\":\"ReadAction\",\"target\":[\"https:\/\/dconsulting.ee\/turule-sisenejale\/\"]}]},{\"@type\":\"ImageObject\",\"inLanguage\":\"en-US\",\"@id\":\"https:\/\/dconsulting.ee\/turule-sisenejale\/#primaryimage\",\"url\":\"https:\/\/dconsulting.ee\/wp-content\/uploads\/2019\/11\/Depositphotos_10569559_xl-2015-741x1024.jpg\",\"contentUrl\":\"https:\/\/dconsulting.ee\/wp-content\/uploads\/2019\/11\/Depositphotos_10569559_xl-2015-741x1024.jpg\"},{\"@type\":\"BreadcrumbList\",\"@id\":\"https:\/\/dconsulting.ee\/turule-sisenejale\/#breadcrumb\",\"itemListElement\":[{\"@type\":\"ListItem\",\"position\":1,\"name\":\"Home\",\"item\":\"https:\/\/dconsulting.ee\/\"},{\"@type\":\"ListItem\",\"position\":2,\"name\":\"Entering a Market\"}]},{\"@type\":\"WebSite\",\"@id\":\"https:\/\/dconsulting.ee\/#website\",\"url\":\"https:\/\/dconsulting.ee\/\",\"name\":\"DD\",\"description\":\"\u00c4ri anal\u00fc\u00fcs\",\"potentialAction\":[{\"@type\":\"SearchAction\",\"target\":{\"@type\":\"EntryPoint\",\"urlTemplate\":\"https:\/\/dconsulting.ee\/?s={search_term_string}\"},\"query-input\":\"required name=search_term_string\"}],\"inLanguage\":\"en-US\"}]}<\/script>\n<!-- \/ Yoast SEO plugin. -->","yoast_head_json":{"title":"Entering a Market - DD","robots":{"index":"index","follow":"follow","max-snippet":"max-snippet:-1","max-image-preview":"max-image-preview:large","max-video-preview":"max-video-preview:-1"},"canonical":"https:\/\/dconsulting.ee\/turule-sisenejale\/","og_locale":"en_US","og_type":"article","og_title":"Entering a Market - DD","og_url":"https:\/\/dconsulting.ee\/turule-sisenejale\/","og_site_name":"DD","article_modified_time":"2019-12-16T21:39:42+00:00","og_image":[{"url":"https:\/\/dconsulting.ee\/wp-content\/uploads\/2019\/11\/Depositphotos_10569559_xl-2015-741x1024.jpg"}],"twitter_card":"summary_large_image","twitter_misc":{"Est. reading time":"1 minute"},"schema":{"@context":"https:\/\/schema.org","@graph":[{"@type":"WebPage","@id":"https:\/\/dconsulting.ee\/turule-sisenejale\/","url":"https:\/\/dconsulting.ee\/turule-sisenejale\/","name":"Entering a Market - DD","isPartOf":{"@id":"https:\/\/dconsulting.ee\/#website"},"primaryImageOfPage":{"@id":"https:\/\/dconsulting.ee\/turule-sisenejale\/#primaryimage"},"image":{"@id":"https:\/\/dconsulting.ee\/turule-sisenejale\/#primaryimage"},"thumbnailUrl":"https:\/\/dconsulting.ee\/wp-content\/uploads\/2019\/11\/Depositphotos_10569559_xl-2015-741x1024.jpg","datePublished":"2019-12-16T13:05:03+00:00","dateModified":"2019-12-16T21:39:42+00:00","breadcrumb":{"@id":"https:\/\/dconsulting.ee\/turule-sisenejale\/#breadcrumb"},"inLanguage":"en-US","potentialAction":[{"@type":"ReadAction","target":["https:\/\/dconsulting.ee\/turule-sisenejale\/"]}]},{"@type":"ImageObject","inLanguage":"en-US","@id":"https:\/\/dconsulting.ee\/turule-sisenejale\/#primaryimage","url":"https:\/\/dconsulting.ee\/wp-content\/uploads\/2019\/11\/Depositphotos_10569559_xl-2015-741x1024.jpg","contentUrl":"https:\/\/dconsulting.ee\/wp-content\/uploads\/2019\/11\/Depositphotos_10569559_xl-2015-741x1024.jpg"},{"@type":"BreadcrumbList","@id":"https:\/\/dconsulting.ee\/turule-sisenejale\/#breadcrumb","itemListElement":[{"@type":"ListItem","position":1,"name":"Home","item":"https:\/\/dconsulting.ee\/"},{"@type":"ListItem","position":2,"name":"Entering a Market"}]},{"@type":"WebSite","@id":"https:\/\/dconsulting.ee\/#website","url":"https:\/\/dconsulting.ee\/","name":"DD","description":"\u00c4ri anal\u00fc\u00fcs","potentialAction":[{"@type":"SearchAction","target":{"@type":"EntryPoint","urlTemplate":"https:\/\/dconsulting.ee\/?s={search_term_string}"},"query-input":"required name=search_term_string"}],"inLanguage":"en-US"}]}},"_links":{"self":[{"href":"https:\/\/dconsulting.ee\/en\/wp-json\/wp\/v2\/pages\/430"}],"collection":[{"href":"https:\/\/dconsulting.ee\/en\/wp-json\/wp\/v2\/pages"}],"about":[{"href":"https:\/\/dconsulting.ee\/en\/wp-json\/wp\/v2\/types\/page"}],"author":[{"embeddable":true,"href":"https:\/\/dconsulting.ee\/en\/wp-json\/wp\/v2\/users\/1"}],"replies":[{"embeddable":true,"href":"https:\/\/dconsulting.ee\/en\/wp-json\/wp\/v2\/comments?post=430"}],"version-history":[{"count":1,"href":"https:\/\/dconsulting.ee\/en\/wp-json\/wp\/v2\/pages\/430\/revisions"}],"predecessor-version":[{"id":453,"href":"https:\/\/dconsulting.ee\/en\/wp-json\/wp\/v2\/pages\/430\/revisions\/453"}],"wp:attachment":[{"href":"https:\/\/dconsulting.ee\/en\/wp-json\/wp\/v2\/media?parent=430"}],"curies":[{"name":"wp","href":"https:\/\/api.w.org\/{rel}","templated":true}]}}