{"id":428,"date":"2019-12-16T15:05:02","date_gmt":"2019-12-16T13:05:02","guid":{"rendered":"https:\/\/dconsulting.ee\/business-analysis\/"},"modified":"2020-07-27T11:27:00","modified_gmt":"2020-07-27T09:27:00","slug":"business-analysis","status":"publish","type":"page","link":"https:\/\/dconsulting.ee\/en\/business-analysis\/","title":{"rendered":"Business analysis"},"content":{"rendered":"<div class='content-column one_half'><h1>A business should be managed proactively <span style=\"color: #8a84d6;\">not reactively<\/span><\/h1>\n<p>It is not uncommon to find companies that have been managed without changing anything for years. The entrepreneur or the board<strong> relies on a proven strategy<\/strong> that has worked for 10, 15 or 20 years and they assume that <strong>change is not necessary<\/strong> because at first glance <strong>everything seems to work<\/strong>.<\/p>\n<p>However, <strong>the market changes<\/strong> and the <strong>competitors are not sleeping<\/strong>; therefore, it is important to <strong>invest or change direction<\/strong> at the right time \u2013 this could mean renewing the trademark, packaging or investing in upgrading the production processes.<\/p>\n<p>If you have enjoyed monopoly status or success in the market for years, then the confidence it has created <strong>can be dangerous<\/strong> and hinder the development of your business. If you miss the right moment, then the risk of losing out in the market is great. That way <strong>you are giving the advantage<\/strong> to your competitors or a newcomer looking to enter the market in the same sector.<\/p>\n<h3>Want to make sure your company is moving in the right direction?<\/h3>\n<p>Our team consists of experts who can<strong> see the big picture<\/strong> of what is happening on the market. We map the market in an unbiased way and help position your company among competitors, as well as offer solutions on how to <strong>improve business<\/strong> and<strong> increase sales<\/strong>.<\/p>\n<h3 style=\"text-align: left;\">Want more information?<\/h3>\n<p style=\"text-align: left;\"><strong>Contact us for more information! <\/strong><\/p>\n<p style=\"text-align: left;\"><strong><a href=\"mailto:info@dconsulting.ee\">info@dconsulting.ee<\/a> <\/strong><\/p>\n<p style=\"text-align: left;\"><strong><a href=\"tel:+3725121888\">+372 51 21 888<\/a><\/strong><\/p><\/div> <div class='content-column one_half last_column'><blockquote><p><img loading=\"lazy\" decoding=\"async\" class=\"alignright wp-image-156\" src=\"https:\/\/dconsulting.ee\/wp-content\/uploads\/2019\/11\/IMG_0310-e1575033280834.jpg\" alt=\"\" width=\"300\" height=\"431\" srcset=\"https:\/\/dconsulting.ee\/wp-content\/uploads\/2019\/11\/IMG_0310-e1575033280834.jpg 1197w, https:\/\/dconsulting.ee\/wp-content\/uploads\/2019\/11\/IMG_0310-e1575033280834-209x300.jpg 209w, https:\/\/dconsulting.ee\/wp-content\/uploads\/2019\/11\/IMG_0310-e1575033280834-768x1103.jpg 768w, https:\/\/dconsulting.ee\/wp-content\/uploads\/2019\/11\/IMG_0310-e1575033280834-713x1024.jpg 713w\" sizes=\"(max-width: 300px) 100vw, 300px\" \/>I have worked in retail and food industry for over 20 years and have built up successful trademarks like Kapten Grant, Rannam\u00f5isa and Katharinenthal.<\/p>\n<p>Over time I have acquired extensive experience in sales, marketing and product development, I have actively communicated with manufacturers and retail chains and have developed an understanding of seasonality in retail, taking business risks and cash flow accounting. I wish to share my experience and know-how with enterprises that want to move their business forward but need an external push and an impartial view to do so.<\/p>\n<p>I have assembled a team of reputable experts, consisting of marketing and media specialists, designers, web developers, food stylists, food technologists, social media marketers and packaging artists. I believe that together we can, on the one hand, contribute to the development of the enterprises on the market, and, on the other, offer the enterprises entering the market all the necessary information about the functioning of the market, competitors\u2019 activities and consumer behaviour.<\/p>\n<h3><em><span style=\"color: #8a84d6;\">David P\u00e4rnamets<\/span><\/em><\/h3>\n<\/blockquote><\/div><div class='clear_column'><\/div> <div class='content-column one_half'><h2>How does business analysis work?<\/h2>\n<p>In the first stage we meet with the company management to <strong>map out the situation<\/strong> and problems, and raise questions, on the basis of which we will then work.<\/p>\n<p>During the interview we identify how much feedback the customer is expecting and agree on a support team.<\/p>\n<p><strong>The support team<\/strong> consists of experts who have been successful in their field and have long-term experience. The cost of the service depends on the terms of reference and the time the experts spend working.<\/p>\n<p>The work process requires that the audit team has free access to all work processes and employees. In order to determine the full potential of the experts in the company, we conduct individual interviews with them and initiate discussions during work.<\/p>\n<p>The audit takes about 5 working days, we provide the analysis based on the audit with proposed solutions to the client 14 days later.<\/div><div class='content-column one_half last_column'><h2>What is the result of the analysis?<\/h2>\n<ul>\n<li>The audit is <strong>specific<\/strong> and includes <strong>proposals<\/strong>.<\/li>\n<li>The audit is based on <strong>facts and examples<\/strong> from real-life.<\/li>\n<li>The audit provides an<strong> unbiased view of the market situation<\/strong> and the set task.<\/li>\n<li>We propose a <strong>solution<\/strong> to the problems by offering a project-based consultation with the best experts in the field.<\/li>\n<li>In terms of business, we can offer <strong>good advice<\/strong> and <strong>ideas for the future<\/strong>.<\/li>\n<li>Because the audit is <strong>impartial<\/strong>, the customer will definitely get a good idea whether the path they have taken is the right one or if they need to change it.<\/li>\n<li>The most important thing for us is to help the customer and produce new ideas that they could implement later in production or business processes.<\/li>\n<\/ul><\/div><div class='clear_column'><\/div><\/p>\n","protected":false},"excerpt":{"rendered":"","protected":false},"author":1,"featured_media":0,"parent":0,"menu_order":0,"comment_status":"closed","ping_status":"closed","template":"","meta":{"_acf_changed":false,"footnotes":""},"acf":[],"yoast_head":"<!-- This site is optimized with the Yoast SEO plugin v22.8 - https:\/\/yoast.com\/wordpress\/plugins\/seo\/ -->\n<title>Business analysis - DD<\/title>\n<meta name=\"robots\" content=\"index, follow, max-snippet:-1, max-image-preview:large, max-video-preview:-1\" \/>\n<link rel=\"canonical\" href=\"https:\/\/dconsulting.ee\/ari-analuus\/\" \/>\n<meta property=\"og:locale\" content=\"en_US\" \/>\n<meta property=\"og:type\" content=\"article\" \/>\n<meta property=\"og:title\" content=\"Business analysis - DD\" \/>\n<meta property=\"og:url\" content=\"https:\/\/dconsulting.ee\/ari-analuus\/\" \/>\n<meta property=\"og:site_name\" content=\"DD\" \/>\n<meta property=\"article:modified_time\" content=\"2020-07-27T09:27:00+00:00\" \/>\n<meta property=\"og:image\" content=\"https:\/\/dconsulting.ee\/wp-content\/uploads\/2019\/11\/IMG_0310-e1575033280834.jpg\" \/>\n<meta name=\"twitter:card\" content=\"summary_large_image\" \/>\n<meta name=\"twitter:label1\" content=\"Est. reading time\" \/>\n\t<meta name=\"twitter:data1\" content=\"3 minutes\" \/>\n<script type=\"application\/ld+json\" class=\"yoast-schema-graph\">{\"@context\":\"https:\/\/schema.org\",\"@graph\":[{\"@type\":\"WebPage\",\"@id\":\"https:\/\/dconsulting.ee\/ari-analuus\/\",\"url\":\"https:\/\/dconsulting.ee\/ari-analuus\/\",\"name\":\"Business analysis - DD\",\"isPartOf\":{\"@id\":\"https:\/\/dconsulting.ee\/#website\"},\"primaryImageOfPage\":{\"@id\":\"https:\/\/dconsulting.ee\/ari-analuus\/#primaryimage\"},\"image\":{\"@id\":\"https:\/\/dconsulting.ee\/ari-analuus\/#primaryimage\"},\"thumbnailUrl\":\"https:\/\/dconsulting.ee\/wp-content\/uploads\/2019\/11\/IMG_0310-e1575033280834.jpg\",\"datePublished\":\"2019-12-16T13:05:02+00:00\",\"dateModified\":\"2020-07-27T09:27:00+00:00\",\"breadcrumb\":{\"@id\":\"https:\/\/dconsulting.ee\/ari-analuus\/#breadcrumb\"},\"inLanguage\":\"en-US\",\"potentialAction\":[{\"@type\":\"ReadAction\",\"target\":[\"https:\/\/dconsulting.ee\/ari-analuus\/\"]}]},{\"@type\":\"ImageObject\",\"inLanguage\":\"en-US\",\"@id\":\"https:\/\/dconsulting.ee\/ari-analuus\/#primaryimage\",\"url\":\"https:\/\/dconsulting.ee\/wp-content\/uploads\/2019\/11\/IMG_0310-e1575033280834.jpg\",\"contentUrl\":\"https:\/\/dconsulting.ee\/wp-content\/uploads\/2019\/11\/IMG_0310-e1575033280834.jpg\"},{\"@type\":\"BreadcrumbList\",\"@id\":\"https:\/\/dconsulting.ee\/ari-analuus\/#breadcrumb\",\"itemListElement\":[{\"@type\":\"ListItem\",\"position\":1,\"name\":\"Home\",\"item\":\"https:\/\/dconsulting.ee\/\"},{\"@type\":\"ListItem\",\"position\":2,\"name\":\"Business analysis\"}]},{\"@type\":\"WebSite\",\"@id\":\"https:\/\/dconsulting.ee\/#website\",\"url\":\"https:\/\/dconsulting.ee\/\",\"name\":\"DD\",\"description\":\"\u00c4ri anal\u00fc\u00fcs\",\"potentialAction\":[{\"@type\":\"SearchAction\",\"target\":{\"@type\":\"EntryPoint\",\"urlTemplate\":\"https:\/\/dconsulting.ee\/?s={search_term_string}\"},\"query-input\":\"required name=search_term_string\"}],\"inLanguage\":\"en-US\"}]}<\/script>\n<!-- \/ Yoast SEO plugin. -->","yoast_head_json":{"title":"Business analysis - DD","robots":{"index":"index","follow":"follow","max-snippet":"max-snippet:-1","max-image-preview":"max-image-preview:large","max-video-preview":"max-video-preview:-1"},"canonical":"https:\/\/dconsulting.ee\/ari-analuus\/","og_locale":"en_US","og_type":"article","og_title":"Business analysis - DD","og_url":"https:\/\/dconsulting.ee\/ari-analuus\/","og_site_name":"DD","article_modified_time":"2020-07-27T09:27:00+00:00","og_image":[{"url":"https:\/\/dconsulting.ee\/wp-content\/uploads\/2019\/11\/IMG_0310-e1575033280834.jpg"}],"twitter_card":"summary_large_image","twitter_misc":{"Est. reading time":"3 minutes"},"schema":{"@context":"https:\/\/schema.org","@graph":[{"@type":"WebPage","@id":"https:\/\/dconsulting.ee\/ari-analuus\/","url":"https:\/\/dconsulting.ee\/ari-analuus\/","name":"Business analysis - DD","isPartOf":{"@id":"https:\/\/dconsulting.ee\/#website"},"primaryImageOfPage":{"@id":"https:\/\/dconsulting.ee\/ari-analuus\/#primaryimage"},"image":{"@id":"https:\/\/dconsulting.ee\/ari-analuus\/#primaryimage"},"thumbnailUrl":"https:\/\/dconsulting.ee\/wp-content\/uploads\/2019\/11\/IMG_0310-e1575033280834.jpg","datePublished":"2019-12-16T13:05:02+00:00","dateModified":"2020-07-27T09:27:00+00:00","breadcrumb":{"@id":"https:\/\/dconsulting.ee\/ari-analuus\/#breadcrumb"},"inLanguage":"en-US","potentialAction":[{"@type":"ReadAction","target":["https:\/\/dconsulting.ee\/ari-analuus\/"]}]},{"@type":"ImageObject","inLanguage":"en-US","@id":"https:\/\/dconsulting.ee\/ari-analuus\/#primaryimage","url":"https:\/\/dconsulting.ee\/wp-content\/uploads\/2019\/11\/IMG_0310-e1575033280834.jpg","contentUrl":"https:\/\/dconsulting.ee\/wp-content\/uploads\/2019\/11\/IMG_0310-e1575033280834.jpg"},{"@type":"BreadcrumbList","@id":"https:\/\/dconsulting.ee\/ari-analuus\/#breadcrumb","itemListElement":[{"@type":"ListItem","position":1,"name":"Home","item":"https:\/\/dconsulting.ee\/"},{"@type":"ListItem","position":2,"name":"Business analysis"}]},{"@type":"WebSite","@id":"https:\/\/dconsulting.ee\/#website","url":"https:\/\/dconsulting.ee\/","name":"DD","description":"\u00c4ri anal\u00fc\u00fcs","potentialAction":[{"@type":"SearchAction","target":{"@type":"EntryPoint","urlTemplate":"https:\/\/dconsulting.ee\/?s={search_term_string}"},"query-input":"required name=search_term_string"}],"inLanguage":"en-US"}]}},"_links":{"self":[{"href":"https:\/\/dconsulting.ee\/en\/wp-json\/wp\/v2\/pages\/428"}],"collection":[{"href":"https:\/\/dconsulting.ee\/en\/wp-json\/wp\/v2\/pages"}],"about":[{"href":"https:\/\/dconsulting.ee\/en\/wp-json\/wp\/v2\/types\/page"}],"author":[{"embeddable":true,"href":"https:\/\/dconsulting.ee\/en\/wp-json\/wp\/v2\/users\/1"}],"replies":[{"embeddable":true,"href":"https:\/\/dconsulting.ee\/en\/wp-json\/wp\/v2\/comments?post=428"}],"version-history":[{"count":5,"href":"https:\/\/dconsulting.ee\/en\/wp-json\/wp\/v2\/pages\/428\/revisions"}],"predecessor-version":[{"id":504,"href":"https:\/\/dconsulting.ee\/en\/wp-json\/wp\/v2\/pages\/428\/revisions\/504"}],"wp:attachment":[{"href":"https:\/\/dconsulting.ee\/en\/wp-json\/wp\/v2\/media?parent=428"}],"curies":[{"name":"wp","href":"https:\/\/api.w.org\/{rel}","templated":true}]}}